{"id":12141,"date":"2022-06-13T16:03:16","date_gmt":"2022-06-13T16:03:16","guid":{"rendered":"https:\/\/univergysolar.com\/noticias\/"},"modified":"2023-02-07T09:41:08","modified_gmt":"2023-02-07T09:41:08","slug":"news","status":"publish","type":"page","link":"https:\/\/univergysolar.com\/en\/news\/","title":{"rendered":"News"},"content":{"rendered":"[vc_row type=&#8221;full_width_content&#8221; full_screen_row_position=&#8221;middle&#8221; column_margin=&#8221;default&#8221; column_direction=&#8221;default&#8221; column_direction_tablet=&#8221;default&#8221; column_direction_phone=&#8221;default&#8221; scene_position=&#8221;center&#8221; text_color=&#8221;dark&#8221; text_align=&#8221;left&#8221; row_border_radius=&#8221;none&#8221; row_border_radius_applies=&#8221;bg&#8221; overflow=&#8221;visible&#8221; overlay_strength=&#8221;0.3&#8243; gradient_direction=&#8221;left_to_right&#8221; shape_divider_position=&#8221;bottom&#8221; bg_image_animation=&#8221;none&#8221; shape_type=&#8221;&#8221;][vc_column column_padding=&#8221;no-extra-padding&#8221; column_padding_tablet=&#8221;inherit&#8221; column_padding_phone=&#8221;inherit&#8221; column_padding_position=&#8221;all&#8221; column_element_direction_desktop=&#8221;default&#8221; column_element_spacing=&#8221;default&#8221; desktop_text_alignment=&#8221;default&#8221; tablet_text_alignment=&#8221;default&#8221; phone_text_alignment=&#8221;default&#8221; background_color_opacity=&#8221;1&#8243; background_hover_color_opacity=&#8221;1&#8243; column_backdrop_filter=&#8221;none&#8221; column_shadow=&#8221;none&#8221; column_border_radius=&#8221;none&#8221; column_link_target=&#8221;_self&#8221; column_position=&#8221;default&#8221; gradient_direction=&#8221;left_to_right&#8221; overlay_strength=&#8221;0.3&#8243; width=&#8221;1\/1&#8243; tablet_width_inherit=&#8221;default&#8221; animation_type=&#8221;default&#8221; bg_image_animation=&#8221;none&#8221; border_type=&#8221;simple&#8221; column_border_width=&#8221;none&#8221; column_border_style=&#8221;solid&#8221;][recent_posts style=&#8221;multiple_large_featured&#8221; large_featured_padding=&#8221;14%&#8221; mlf_navigation_location=&#8221;side&#8221; button_color=&#8221;Accent-Color&#8221; bg_overlay=&#8221;solid_color&#8221; category=&#8221;all&#8221; multiple_large_featured_num=&#8221;3&#8243; order=&#8221;DESC&#8221; orderby=&#8221;date&#8221; auto_rotate=&#8221;8000&#8243; image_loading=&#8221;default&#8221;][\/vc_column][\/vc_row][vc_row type=&#8221;in_container&#8221; full_screen_row_position=&#8221;middle&#8221; column_margin=&#8221;default&#8221; column_direction=&#8221;default&#8221; column_direction_tablet=&#8221;default&#8221; column_direction_phone=&#8221;default&#8221; scene_position=&#8221;center&#8221; text_color=&#8221;dark&#8221; text_align=&#8221;left&#8221; row_border_radius=&#8221;none&#8221; row_border_radius_applies=&#8221;bg&#8221; overflow=&#8221;visible&#8221; overlay_strength=&#8221;0.3&#8243; gradient_direction=&#8221;left_to_right&#8221; shape_divider_position=&#8221;bottom&#8221; bg_image_animation=&#8221;none&#8221; gradient_type=&#8221;default&#8221; shape_type=&#8221;&#8221;][vc_column column_padding=&#8221;no-extra-padding&#8221; column_padding_tablet=&#8221;inherit&#8221; column_padding_phone=&#8221;inherit&#8221; column_padding_position=&#8221;all&#8221; column_element_direction_desktop=&#8221;default&#8221; column_element_spacing=&#8221;default&#8221; desktop_text_alignment=&#8221;default&#8221; tablet_text_alignment=&#8221;default&#8221; phone_text_alignment=&#8221;default&#8221; background_color_opacity=&#8221;1&#8243; background_hover_color_opacity=&#8221;1&#8243; column_backdrop_filter=&#8221;none&#8221; column_shadow=&#8221;none&#8221; column_border_radius=&#8221;none&#8221; column_link_target=&#8221;_self&#8221; column_position=&#8221;default&#8221; gradient_direction=&#8221;left_to_right&#8221; overlay_strength=&#8221;0.3&#8243; width=&#8221;1\/1&#8243; tablet_width_inherit=&#8221;default&#8221; animation_type=&#8221;default&#8221; bg_image_animation=&#8221;none&#8221; border_type=&#8221;simple&#8221; column_border_width=&#8221;none&#8221; column_border_style=&#8221;solid&#8221;][nectar_post_grid post_type=&#8221;post&#8221; blog_category=&#8221;all&#8221; order=&#8221;DESC&#8221; orderby=&#8221;date&#8221; pagination=&#8221;load-more&#8221; button_color=&#8221;black&#8221; columns=&#8221;3&#8243; grid_item_spacing=&#8221;35px&#8221; grid_item_height=&#8221;50vh&#8221; enable_sortable=&#8221;yes&#8221; sortable_alignment=&#8221;default&#8221; sortable_color=&#8221;default&#8221; image_size=&#8221;full&#8221; image_loading=&#8221;default&#8221; animation=&#8221;none&#8221; heading_tag=&#8221;h3&#8243; enable_indicator=&#8221;yes&#8221; mouse_indicator_style=&#8221;default&#8221; mouse_indicator_text=&#8221;read&#8221; mouse_indicator_color=&#8221;#ff661f&#8221; display_categories=&#8221;yes&#8221; category_functionality=&#8221;default&#8221; category_position=&#8221;default&#8221; display_excerpt=&#8221;yes&#8221; grid_style=&#8221;content_under_image&#8221; content_under_image_text_align=&#8221;left&#8221; text_color=&#8221;dark&#8221; hover_effect=&#8221;zoom&#8221; border_radius=&#8221;none&#8221; posts_per_page=&#8221;6&#8243;][\/vc_column][\/vc_row]\n","protected":false},"excerpt":{"rendered":"<p>[vc_row type=&#8221;full_width_content&#8221; full_screen_row_position=&#8221;middle&#8221; column_margin=&#8221;default&#8221; column_direction=&#8221;default&#8221; column_direction_tablet=&#8221;default&#8221; column_direction_phone=&#8221;default&#8221; scene_position=&#8221;center&#8221; text_color=&#8221;dark&#8221; text_align=&#8221;left&#8221; row_border_radius=&#8221;none&#8221; row_border_radius_applies=&#8221;bg&#8221; overflow=&#8221;visible&#8221; overlay_strength=&#8221;0.3&#8243; gradient_direction=&#8221;left_to_right&#8221; shape_divider_position=&#8221;bottom&#8221; bg_image_animation=&#8221;none&#8221; shape_type=&#8221;&#8221;][vc_column column_padding=&#8221;no-extra-padding&#8221; column_padding_tablet=&#8221;inherit&#8221; column_padding_phone=&#8221;inherit&#8221; column_padding_position=&#8221;all&#8221; column_element_direction_desktop=&#8221;default&#8221; column_element_spacing=&#8221;default&#8221; desktop_text_alignment=&#8221;default&#8221; tablet_text_alignment=&#8221;default&#8221; phone_text_alignment=&#8221;default&#8221; background_color_opacity=&#8221;1&#8243; background_hover_color_opacity=&#8221;1&#8243; column_backdrop_filter=&#8221;none&#8221;&#8230;<\/p>\n","protected":false},"author":7,"featured_media":0,"parent":0,"menu_order":0,"comment_status":"closed","ping_status":"closed","template":"","meta":{"footnotes":""},"class_list":["post-12141","page","type-page","status-publish"],"yoast_head":"<!-- This site is optimized with the Yoast SEO plugin v27.3 - https:\/\/yoast.com\/product\/yoast-seo-wordpress\/ -->\n<title>News - Univergy Solar<\/title>\n<meta name=\"robots\" content=\"index, follow, max-snippet:-1, max-image-preview:large, max-video-preview:-1\" \/>\n<link rel=\"canonical\" href=\"https:\/\/univergysolar.com\/en\/news\/\" \/>\n<meta property=\"og:locale\" content=\"en_US\" \/>\n<meta property=\"og:type\" content=\"article\" \/>\n<meta property=\"og:title\" content=\"News - Univergy Solar\" \/>\n<meta property=\"og:description\" content=\"[vc_row type=&#8221;full_width_content&#8221; full_screen_row_position=&#8221;middle&#8221; column_margin=&#8221;default&#8221; column_direction=&#8221;default&#8221; column_direction_tablet=&#8221;default&#8221; column_direction_phone=&#8221;default&#8221; scene_position=&#8221;center&#8221; text_color=&#8221;dark&#8221; text_align=&#8221;left&#8221; row_border_radius=&#8221;none&#8221; row_border_radius_applies=&#8221;bg&#8221; overflow=&#8221;visible&#8221; overlay_strength=&#8221;0.3&#8243; gradient_direction=&#8221;left_to_right&#8221; shape_divider_position=&#8221;bottom&#8221; bg_image_animation=&#8221;none&#8221; shape_type=&#8221;&#8221;][vc_column column_padding=&#8221;no-extra-padding&#8221; column_padding_tablet=&#8221;inherit&#8221; column_padding_phone=&#8221;inherit&#8221; column_padding_position=&#8221;all&#8221; column_element_direction_desktop=&#8221;default&#8221; column_element_spacing=&#8221;default&#8221; desktop_text_alignment=&#8221;default&#8221; tablet_text_alignment=&#8221;default&#8221; phone_text_alignment=&#8221;default&#8221; background_color_opacity=&#8221;1&#8243; background_hover_color_opacity=&#8221;1&#8243; column_backdrop_filter=&#8221;none&#8221;...\" \/>\n<meta property=\"og:url\" content=\"https:\/\/univergysolar.com\/en\/news\/\" \/>\n<meta property=\"og:site_name\" content=\"Univergy Solar\" \/>\n<meta property=\"article:publisher\" content=\"https:\/\/www.facebook.com\/univergysolar\" \/>\n<meta property=\"article:modified_time\" content=\"2023-02-07T09:41:08+00:00\" \/>\n<meta name=\"twitter:card\" content=\"summary_large_image\" \/>\n<meta name=\"twitter:site\" content=\"@univergysolar\" \/>\n<meta name=\"twitter:label1\" content=\"Est. reading time\" \/>\n\t<meta name=\"twitter:data1\" content=\"1 minute\" \/>\n<script type=\"application\/ld+json\" class=\"yoast-schema-graph\">{\"@context\":\"https:\\\/\\\/schema.org\",\"@graph\":[{\"@type\":\"WebPage\",\"@id\":\"https:\\\/\\\/univergysolar.com\\\/en\\\/news\\\/\",\"url\":\"https:\\\/\\\/univergysolar.com\\\/en\\\/news\\\/\",\"name\":\"News - Univergy Solar\",\"isPartOf\":{\"@id\":\"https:\\\/\\\/univergysolar.com\\\/en\\\/#website\"},\"datePublished\":\"2022-06-13T16:03:16+00:00\",\"dateModified\":\"2023-02-07T09:41:08+00:00\",\"breadcrumb\":{\"@id\":\"https:\\\/\\\/univergysolar.com\\\/en\\\/news\\\/#breadcrumb\"},\"inLanguage\":\"en-US\",\"potentialAction\":[{\"@type\":\"ReadAction\",\"target\":[\"https:\\\/\\\/univergysolar.com\\\/en\\\/news\\\/\"]}]},{\"@type\":\"BreadcrumbList\",\"@id\":\"https:\\\/\\\/univergysolar.com\\\/en\\\/news\\\/#breadcrumb\",\"itemListElement\":[{\"@type\":\"ListItem\",\"position\":1,\"name\":\"Portada\",\"item\":\"https:\\\/\\\/univergysolar.com\\\/en\\\/univergy-solar\\\/\"},{\"@type\":\"ListItem\",\"position\":2,\"name\":\"News\"}]},{\"@type\":\"WebSite\",\"@id\":\"https:\\\/\\\/univergysolar.com\\\/en\\\/#website\",\"url\":\"https:\\\/\\\/univergysolar.com\\\/en\\\/\",\"name\":\"Univergy Solar \\\/\\\/ Energ\u00eda Solar, E\u00f3lica y Hidr\u00f3geno Verde\",\"description\":\"\",\"publisher\":{\"@id\":\"https:\\\/\\\/univergysolar.com\\\/en\\\/#organization\"},\"potentialAction\":[{\"@type\":\"SearchAction\",\"target\":{\"@type\":\"EntryPoint\",\"urlTemplate\":\"https:\\\/\\\/univergysolar.com\\\/en\\\/?s={search_term_string}\"},\"query-input\":{\"@type\":\"PropertyValueSpecification\",\"valueRequired\":true,\"valueName\":\"search_term_string\"}}],\"inLanguage\":\"en-US\"},{\"@type\":\"Organization\",\"@id\":\"https:\\\/\\\/univergysolar.com\\\/en\\\/#organization\",\"name\":\"Univergy Solar \\\/\\\/ Energ\u00eda Solar, E\u00f3lica y Hidr\u00f3geno Verde\",\"url\":\"https:\\\/\\\/univergysolar.com\\\/en\\\/\",\"logo\":{\"@type\":\"ImageObject\",\"inLanguage\":\"en-US\",\"@id\":\"https:\\\/\\\/univergysolar.com\\\/en\\\/#\\\/schema\\\/logo\\\/image\\\/\",\"url\":\"https:\\\/\\\/univergysolar.com\\\/wp-content\\\/uploads\\\/2022\\\/10\\\/cropped-US_Fav.png\",\"contentUrl\":\"https:\\\/\\\/univergysolar.com\\\/wp-content\\\/uploads\\\/2022\\\/10\\\/cropped-US_Fav.png\",\"width\":512,\"height\":512,\"caption\":\"Univergy Solar \\\/\\\/ Energ\u00eda Solar, E\u00f3lica y Hidr\u00f3geno Verde\"},\"image\":{\"@id\":\"https:\\\/\\\/univergysolar.com\\\/en\\\/#\\\/schema\\\/logo\\\/image\\\/\"},\"sameAs\":[\"https:\\\/\\\/www.facebook.com\\\/univergysolar\",\"https:\\\/\\\/x.com\\\/univergysolar\",\"https:\\\/\\\/www.linkedin.com\\\/company\\\/univergysolar\\\/\",\"https:\\\/\\\/www.youtube.com\\\/channel\\\/UCpGyCguL4lwQJvcmnyStG-g\",\"https:\\\/\\\/www.instagram.com\\\/univergysolar\\\/\"]}]}<\/script>\n<!-- \/ Yoast SEO plugin. -->","yoast_head_json":{"title":"News - Univergy Solar","robots":{"index":"index","follow":"follow","max-snippet":"max-snippet:-1","max-image-preview":"max-image-preview:large","max-video-preview":"max-video-preview:-1"},"canonical":"https:\/\/univergysolar.com\/en\/news\/","og_locale":"en_US","og_type":"article","og_title":"News - Univergy Solar","og_description":"[vc_row type=&#8221;full_width_content&#8221; full_screen_row_position=&#8221;middle&#8221; column_margin=&#8221;default&#8221; column_direction=&#8221;default&#8221; column_direction_tablet=&#8221;default&#8221; column_direction_phone=&#8221;default&#8221; scene_position=&#8221;center&#8221; text_color=&#8221;dark&#8221; text_align=&#8221;left&#8221; row_border_radius=&#8221;none&#8221; row_border_radius_applies=&#8221;bg&#8221; overflow=&#8221;visible&#8221; overlay_strength=&#8221;0.3&#8243; gradient_direction=&#8221;left_to_right&#8221; shape_divider_position=&#8221;bottom&#8221; bg_image_animation=&#8221;none&#8221; shape_type=&#8221;&#8221;][vc_column column_padding=&#8221;no-extra-padding&#8221; column_padding_tablet=&#8221;inherit&#8221; column_padding_phone=&#8221;inherit&#8221; column_padding_position=&#8221;all&#8221; column_element_direction_desktop=&#8221;default&#8221; column_element_spacing=&#8221;default&#8221; desktop_text_alignment=&#8221;default&#8221; tablet_text_alignment=&#8221;default&#8221; phone_text_alignment=&#8221;default&#8221; background_color_opacity=&#8221;1&#8243; background_hover_color_opacity=&#8221;1&#8243; column_backdrop_filter=&#8221;none&#8221;...","og_url":"https:\/\/univergysolar.com\/en\/news\/","og_site_name":"Univergy Solar","article_publisher":"https:\/\/www.facebook.com\/univergysolar","article_modified_time":"2023-02-07T09:41:08+00:00","twitter_card":"summary_large_image","twitter_site":"@univergysolar","twitter_misc":{"Est. reading time":"1 minute"},"schema":{"@context":"https:\/\/schema.org","@graph":[{"@type":"WebPage","@id":"https:\/\/univergysolar.com\/en\/news\/","url":"https:\/\/univergysolar.com\/en\/news\/","name":"News - Univergy Solar","isPartOf":{"@id":"https:\/\/univergysolar.com\/en\/#website"},"datePublished":"2022-06-13T16:03:16+00:00","dateModified":"2023-02-07T09:41:08+00:00","breadcrumb":{"@id":"https:\/\/univergysolar.com\/en\/news\/#breadcrumb"},"inLanguage":"en-US","potentialAction":[{"@type":"ReadAction","target":["https:\/\/univergysolar.com\/en\/news\/"]}]},{"@type":"BreadcrumbList","@id":"https:\/\/univergysolar.com\/en\/news\/#breadcrumb","itemListElement":[{"@type":"ListItem","position":1,"name":"Portada","item":"https:\/\/univergysolar.com\/en\/univergy-solar\/"},{"@type":"ListItem","position":2,"name":"News"}]},{"@type":"WebSite","@id":"https:\/\/univergysolar.com\/en\/#website","url":"https:\/\/univergysolar.com\/en\/","name":"Univergy Solar \/\/ Energ\u00eda Solar, E\u00f3lica y Hidr\u00f3geno Verde","description":"","publisher":{"@id":"https:\/\/univergysolar.com\/en\/#organization"},"potentialAction":[{"@type":"SearchAction","target":{"@type":"EntryPoint","urlTemplate":"https:\/\/univergysolar.com\/en\/?s={search_term_string}"},"query-input":{"@type":"PropertyValueSpecification","valueRequired":true,"valueName":"search_term_string"}}],"inLanguage":"en-US"},{"@type":"Organization","@id":"https:\/\/univergysolar.com\/en\/#organization","name":"Univergy Solar \/\/ Energ\u00eda Solar, E\u00f3lica y Hidr\u00f3geno Verde","url":"https:\/\/univergysolar.com\/en\/","logo":{"@type":"ImageObject","inLanguage":"en-US","@id":"https:\/\/univergysolar.com\/en\/#\/schema\/logo\/image\/","url":"https:\/\/univergysolar.com\/wp-content\/uploads\/2022\/10\/cropped-US_Fav.png","contentUrl":"https:\/\/univergysolar.com\/wp-content\/uploads\/2022\/10\/cropped-US_Fav.png","width":512,"height":512,"caption":"Univergy Solar \/\/ Energ\u00eda Solar, E\u00f3lica y Hidr\u00f3geno Verde"},"image":{"@id":"https:\/\/univergysolar.com\/en\/#\/schema\/logo\/image\/"},"sameAs":["https:\/\/www.facebook.com\/univergysolar","https:\/\/x.com\/univergysolar","https:\/\/www.linkedin.com\/company\/univergysolar\/","https:\/\/www.youtube.com\/channel\/UCpGyCguL4lwQJvcmnyStG-g","https:\/\/www.instagram.com\/univergysolar\/"]}]}},"_links":{"self":[{"href":"https:\/\/univergysolar.com\/en\/wp-json\/wp\/v2\/pages\/12141","targetHints":{"allow":["GET"]}}],"collection":[{"href":"https:\/\/univergysolar.com\/en\/wp-json\/wp\/v2\/pages"}],"about":[{"href":"https:\/\/univergysolar.com\/en\/wp-json\/wp\/v2\/types\/page"}],"author":[{"embeddable":true,"href":"https:\/\/univergysolar.com\/en\/wp-json\/wp\/v2\/users\/7"}],"replies":[{"embeddable":true,"href":"https:\/\/univergysolar.com\/en\/wp-json\/wp\/v2\/comments?post=12141"}],"version-history":[{"count":0,"href":"https:\/\/univergysolar.com\/en\/wp-json\/wp\/v2\/pages\/12141\/revisions"}],"wp:attachment":[{"href":"https:\/\/univergysolar.com\/en\/wp-json\/wp\/v2\/media?parent=12141"}],"curies":[{"name":"wp","href":"https:\/\/api.w.org\/{rel}","templated":true}]}}